{"id":1344,"date":"2026-04-23T05:59:47","date_gmt":"2026-04-23T05:59:47","guid":{"rendered":"https:\/\/www.nepsido.rs\/?page_id=1344"},"modified":"2026-04-23T06:39:42","modified_gmt":"2026-04-23T06:39:42","slug":"donacija-nis","status":"publish","type":"page","link":"https:\/\/www.nepsido.rs\/index.php\/donacija-nis\/","title":{"rendered":"Donacija NIS"},"content":{"rendered":"\t\t<div data-elementor-type=\"wp-page\" data-elementor-id=\"1344\" class=\"elementor elementor-1344\">\n\t\t\t\t<div class=\"elementor-element elementor-element-9cc75da e-flex e-con-boxed e-con e-parent\" data-id=\"9cc75da\" data-element_type=\"container\" data-e-type=\"container\">\n\t\t\t\t\t<div class=\"e-con-inner\">\n\t\t\t\t<div class=\"elementor-element elementor-element-8ee1db7 elementor-widget elementor-widget-text-editor\" data-id=\"8ee1db7\" data-element_type=\"widget\" data-e-type=\"widget\" data-widget_type=\"text-editor.default\">\n\t\t\t\t<div class=\"elementor-widget-container\">\n\t\t\t\t\t\t\t\t\t<p style=\"text-align: center;\"><strong>UNAPRE\u0110ENA DIJAGNOSTIKA U NA\u0160OJ KLINICI ZAHVALJUJU\u0106I KOMPANIJI NIS<\/strong><\/p><p>\u00a0<\/p><p>\u00a0<\/p><p>\u00a0 \u00a0 \u00a0 \u00a0 \u00a0 Na\u0161a klinika je, zahvaljuju\u0107i donaciji kompanije NIS realizovanoj u okviru dru\u0161tveno odgovornog programa <strong>\u201eZajednici zajedno\u201c<\/strong> za 2025. godinu, dobila savremeni ultrazvu\u010dni aparat za ranu i preciznu dijagnostiku neurolo\u0161kih oboljenja kod dece, od izuzetnog zna\u010daja za brigu o deci sa ovom vrstom poreme\u0107aja, kao i retkim bolestima.<\/p><p>\u00a0<\/p><p>\u00a0 \u00a0 \u00a0 \u00a0 \u00a0 Uvo\u0111enjem savremene opreme unapre\u0111en je kvalitet dijagnostike i rada ustanove, kao i dostupnost usluga pacijentima. Pravovremena i precizna dijagnostika posebno je zna\u010dajna imaju\u0107i u vidu da su mnoge neurolo\u0161ke bolesti danas le\u010dive ili se nalaze u fazi razvoja novih terapijskih pristupa, zbog \u010dega prevencija i rano otkrivanje imaju klju\u010dnu ulogu.<\/p><p>\u00a0<\/p><p>\u00a0 \u00a0 \u00a0 \u00a0 \u00a0 Ovom donacijom zamenjen je prethodni, ujedno i prvi aparat, nabavljen jo\u0161 2004. godine, koji je bio u upotrebi od osnivanja jedinice za neonatalnu neurologiju i ultrazvu\u010dnu dijagnostiku. Jedinica je formirana u sklopu interklini\u010dke saradnje Klinike za ginekologiju i aku\u0161erstvo (GAK) UKCS u Beogradu i na\u0161e Klinike, sa ciljem rane dijagnostike neurolo\u0161kih poreme\u0107aja kod novoro\u0111ene dece ro\u0111ene u GAK-u i njihovog daljeg le\u010denja.<\/p><p>\u00a0<\/p><p>\u00a0 \u00a0 \u00a0 \u00a0 \u00a0 U okviru ove saradnje, sva novoro\u0111ena deca sa sumnjom na rane neurolo\u0161ke poreme\u0107aje upu\u0107uju se sa GAK-a na na\u0161u Kliniku radi blagovremene dijagnostike i le\u010denja.<\/p><p>\u00a0<\/p><p><strong>\u00a0 \u00a0 \u00a0 \u00a0 \u00a0 \u0160TA JE CILJ NEONATALNE NEUROLOGIJE<\/strong><\/p><p><strong>\u00a0<\/strong><\/p><p>\u00a0 \u00a0 \u00a0 \u00a0 \u00a0 Neonatalna neurologija se bavi utvr\u0111ivanjem uzroka o\u0161te\u0107enja mozga i njihovom prevencijom kod fetusa i novoro\u0111enog deteta, ranom i adekvatnom dijagnostikom i le\u010denjem komplikacija o\u0161te\u0107enja mozga kao i spre\u010davanjem i\/ili umanjenjem kasnijih trajnih neurolo\u0161kih posledica (cerebralne paralize, mentalne retardacije i epilepsije).<\/p><p>\u00a0<\/p><p>\u00a0 \u00a0 \u00a0 \u00a0 \u00a0 Neonatalna neurologija se relativno skoro pojavila kao oblast neurologije u na\u0161oj zemlji iako se pominje jo\u0161 pre 150 godina kao pristup le\u010denju od strane Littlea na godi\u0161njem sastanku Udru\u017eenja lekara Britanije u Londonu.<\/p><p>\u00a0<\/p><p>\u00a0 \u00a0 \u00a0 \u00a0 \u00a0 Me\u0111utim, pravi zna\u010daj neonatalne neurologije shva\u0107en je tek po\u010detkom sedamdesetih godina pro\u0161log veka kada se u svim ve\u0107im centrima iz oblasti neurologije i pedijatrije osnivaju odeljenja neonatalne neurologije. Razvila se kao izuzetno va\u017ena oblast neurologije ekspanzijom primene novih dijagnosti\u010dkih metoda kao \u0161to je ultrazvu\u010dni pregled mozga kroz otvorenu veliku fontanelu. Ova metoda je i izabrana kao neinvazivna i ekonomski isplativa, ali i komplementarna sa CT i MR pregledom mozga.<\/p><p>\u00a0<\/p><p><strong>\u00a0 \u00a0 \u00a0 \u00a0 \u00a0 ZA\u0160TO ULTRAZVU\u010cNI PREGLED MOZGA?<\/strong><\/p><p>\u00a0<\/p><p>\u00a0 \u00a0 \u00a0 \u00a0 \u00a0 Ultrazvu\u010dni pregled mozga je va\u017ean za ranu dijagnostiku i adekvatno le\u010denje komplikacija o\u0161te\u0107enja mozga kod dece (ultrazvu\u010dnim pregledom kroz otvorenu veliku fontanelu), kao i spre\u010davanja i umanjenja kasnijih neurolo\u0161kih posledica. Tako\u0111e se \u0161iroko upotrebljava za dijagnostiku bolesti krvnih sudova vrata (kolor dopler) i bolesti srca i drugih organa u sklopu osnovnih i retkih neurolo\u0161kih bolesti.<\/p><p>\u00a0<\/p><p>\u00a0 \u00a0 \u00a0 \u00a0 \u00a0 Treba naglasiti da je ultrazvu\u010dna dijagnostika izuzetno va\u017ena za ranu dijagnostiku i le\u010denje novoro\u0111ene dece sa riziko faktorima vezanim za tok trudno\u0107e i poro\u0111aja u GAK UKCS, kao i dece sa retkim i le\u010divim neurolo\u0161kim bolestima. Uklju\u010divanje neurologa u timsko pra\u0107enje deteta u prvim postnatalnim danima olak\u0161ava blagovremenu dijagnostiku i le\u010denje neurolo\u0161kih komplikacija, a kombinovanom primenom neurolo\u0161kog pregleda i ultrazvu\u010dnog pregleda mozga, a u saradnji sa specijalistima drugih struka (neonatolozima, ginekolozima, neurohiruzima, oftalmolozima i drugo), mogu\u0107a je rana dijagnostika neurolo\u0161kih poreme\u0107aja, koja ima za cilj da rasvetli njihove uzroke i na\u010dini prognozu daljeg neurolo\u0161kog razvoja ove dece.<\/p><p>\u00a0<\/p><p><strong>\u00a0 \u00a0 \u00a0 \u00a0 \u00a0 CILJNA GRUPA KORISNIKA UZ PREGLEDA MOZGA<\/strong>:<\/p><ol><li style=\"list-style-type: none;\"><ol><li>\u201eRiziko bebe\u201c (novoro\u0111en\u010dad sa perinatalnim faktorima rizika za razvoj o\u0161te\u0107enja mozga);<\/li><li>Deca sa retkim bolestima koja ve\u0107 dobijaju terapiju ili je indikovano zapo\u010dinjanje terapije;<\/li><li>Deca sa drugim neurolo\u0161kim bolestima kao \u0161to su: razvojne anomalije mozga, metaboli\u010dkim, geneti\u010dkim, naslednim i infektivnim neurolo\u0161kim bolestima.<\/li><\/ol><\/li><\/ol><p><strong>\u00a0 \u00a0 \u00a0 \u00a0 \u00a0 KOJE SU PREDNOSTI ULTRAZVU\u010cNOG PREGLEDA BEBINOG MOZGA U NA\u0160OJ KLINICI?<\/strong><strong>\u00a0<\/strong><\/p><ul><li style=\"list-style-type: none;\"><ul><li>Preventiva ra\u0111anja dece sa neurolo\u0161kim poreme\u0107ajima, rasvetljavanje uzroka, rana dijagnostika i le\u010denje dece sa razli\u010ditim i retkim bolestima.<\/li><li>Bolja rezolucija ultrazvu\u010dne slike poma\u017ee u ranoj dijagnostici o\u0161te\u0107enja mozga i drugih organa kod dece sa neurolo\u0161kim poreme\u0107ajima i retkim bolestima.<\/li><li>Ultrazvu\u010dni pregledi mozga bi se obavili kod dece sa retkim bolestima u saradnji sa specijalistima drugih struka (kardiolozi, radiolozi i ginekolozi).<\/li><li>Manji broj pacijenata koji bi zahtevali skupe metode le\u010denja, zahvaljuju\u0107i ranoj ultrazvu\u010dnoj dijagnostici i pravovremenom le\u010denju u inicijalnoj fazi bolesti odnosno le\u010divoj fazi bolesti.<\/li><\/ul><\/li><\/ul>\t\t\t\t\t\t\t\t<\/div>\n\t\t\t\t<\/div>\n\t\t\t\t\t<\/div>\n\t\t\t\t<\/div>\n\t\t\t\t<\/div>\n\t\t","protected":false},"excerpt":{"rendered":"<p>UNAPRE\u0110ENA DIJAGNOSTIKA U NA\u0160OJ KLINICI ZAHVALJUJU\u0106I KOMPANIJI NIS \u00a0 \u00a0 \u00a0 \u00a0 \u00a0 \u00a0 \u00a0 Na\u0161a klinika je, zahvaljuju\u0107i donaciji [&hellip;]<\/p>\n","protected":false},"author":3,"featured_media":0,"parent":0,"menu_order":0,"comment_status":"closed","ping_status":"closed","template":"","meta":{"site-sidebar-layout":"no-sidebar","site-content-layout":"","ast-site-content-layout":"full-width-container","site-content-style":"default","site-sidebar-style":"default","ast-global-header-display":"","ast-banner-title-visibility":"","ast-main-header-display":"","ast-hfb-above-header-display":"","ast-hfb-below-header-display":"","ast-hfb-mobile-header-display":"","site-post-title":"","ast-breadcrumbs-content":"","ast-featured-img":"disabled","footer-sml-layout":"","ast-disable-related-posts":"","theme-transparent-header-meta":"","adv-header-id-meta":"","stick-header-meta":"","header-above-stick-meta":"","header-main-stick-meta":"","header-below-stick-meta":"","astra-migrate-meta-layouts":"default","ast-page-background-enabled":"default","ast-page-background-meta":{"desktop":{"background-color":"var(--ast-global-color-5)","background-image":"","background-repeat":"repeat","background-position":"center center","background-size":"auto","background-attachment":"scroll","background-type":"","background-media":"","overlay-type":"","overlay-color":"","overlay-opacity":"","overlay-gradient":""},"tablet":{"background-color":"","background-image":"","background-repeat":"repeat","background-position":"center center","background-size":"auto","background-attachment":"scroll","background-type":"","background-media":"","overlay-type":"","overlay-color":"","overlay-opacity":"","overlay-gradient":""},"mobile":{"background-color":"","background-image":"","background-repeat":"repeat","background-position":"center center","background-size":"auto","background-attachment":"scroll","background-type":"","background-media":"","overlay-type":"","overlay-color":"","overlay-opacity":"","overlay-gradient":""}},"ast-content-background-meta":{"desktop":{"background-color":"var(--ast-global-color-4)","background-image":"","background-repeat":"repeat","background-position":"center center","background-size":"auto","background-attachment":"scroll","background-type":"","background-media":"","overlay-type":"","overlay-color":"","overlay-opacity":"","overlay-gradient":""},"tablet":{"background-color":"var(--ast-global-color-4)","background-image":"","background-repeat":"repeat","background-position":"center center","background-size":"auto","background-attachment":"scroll","background-type":"","background-media":"","overlay-type":"","overlay-color":"","overlay-opacity":"","overlay-gradient":""},"mobile":{"background-color":"var(--ast-global-color-4)","background-image":"","background-repeat":"repeat","background-position":"center center","background-size":"auto","background-attachment":"scroll","background-type":"","background-media":"","overlay-type":"","overlay-color":"","overlay-opacity":"","overlay-gradient":""}},"footnotes":""},"categories":[],"tags":[],"class_list":["post-1344","page","type-page","status-publish","hentry"],"_links":{"self":[{"href":"https:\/\/www.nepsido.rs\/index.php\/wp-json\/wp\/v2\/pages\/1344","targetHints":{"allow":["GET"]}}],"collection":[{"href":"https:\/\/www.nepsido.rs\/index.php\/wp-json\/wp\/v2\/pages"}],"about":[{"href":"https:\/\/www.nepsido.rs\/index.php\/wp-json\/wp\/v2\/types\/page"}],"author":[{"embeddable":true,"href":"https:\/\/www.nepsido.rs\/index.php\/wp-json\/wp\/v2\/users\/3"}],"replies":[{"embeddable":true,"href":"https:\/\/www.nepsido.rs\/index.php\/wp-json\/wp\/v2\/comments?post=1344"}],"version-history":[{"count":13,"href":"https:\/\/www.nepsido.rs\/index.php\/wp-json\/wp\/v2\/pages\/1344\/revisions"}],"predecessor-version":[{"id":1358,"href":"https:\/\/www.nepsido.rs\/index.php\/wp-json\/wp\/v2\/pages\/1344\/revisions\/1358"}],"wp:attachment":[{"href":"https:\/\/www.nepsido.rs\/index.php\/wp-json\/wp\/v2\/media?parent=1344"}],"wp:term":[{"taxonomy":"category","embeddable":true,"href":"https:\/\/www.nepsido.rs\/index.php\/wp-json\/wp\/v2\/categories?post=1344"},{"taxonomy":"post_tag","embeddable":true,"href":"https:\/\/www.nepsido.rs\/index.php\/wp-json\/wp\/v2\/tags?post=1344"}],"curies":[{"name":"wp","href":"https:\/\/api.w.org\/{rel}","templated":true}]}}