{"id":272,"date":"2025-01-29T21:00:56","date_gmt":"2025-01-29T21:00:56","guid":{"rendered":"https:\/\/www.nepsido.rs\/?page_id=272"},"modified":"2025-02-03T16:47:24","modified_gmt":"2025-02-03T16:47:24","slug":"znamenite-licnosti","status":"publish","type":"page","link":"https:\/\/www.nepsido.rs\/index.php\/znamenite-licnosti\/","title":{"rendered":"Znamenite li\u010dnosti"},"content":{"rendered":"\t\t<div data-elementor-type=\"wp-page\" data-elementor-id=\"272\" class=\"elementor elementor-272\">\n\t\t\t\t<div class=\"elementor-element elementor-element-af1440a e-flex e-con-boxed e-con e-parent\" data-id=\"af1440a\" data-element_type=\"container\" data-e-type=\"container\">\n\t\t\t\t\t<div class=\"e-con-inner\">\n\t\t\t\t\t<\/div>\n\t\t\t\t<\/div>\n\t\t<div class=\"elementor-element elementor-element-f87ea32 e-flex e-con-boxed e-con e-parent\" data-id=\"f87ea32\" data-element_type=\"container\" data-e-type=\"container\">\n\t\t\t\t\t<div class=\"e-con-inner\">\n\t\t\t\t<div class=\"elementor-element elementor-element-b48531c elementor-widget elementor-widget-heading\" data-id=\"b48531c\" data-element_type=\"widget\" data-e-type=\"widget\" data-widget_type=\"heading.default\">\n\t\t\t\t<div class=\"elementor-widget-container\">\n\t\t\t\t\t<h2 class=\"elementor-heading-title elementor-size-default\">Znamenite li\u010dnosti<\/h2>\t\t\t\t<\/div>\n\t\t\t\t<\/div>\n\t\t\t\t\t<\/div>\n\t\t\t\t<\/div>\n\t\t<div class=\"elementor-element elementor-element-51343eb e-flex e-con-boxed e-con e-parent\" data-id=\"51343eb\" data-element_type=\"container\" data-e-type=\"container\">\n\t\t\t\t\t<div class=\"e-con-inner\">\n\t\t\t\t<div class=\"elementor-element elementor-element-42ee4d5 elementor-widget elementor-widget-text-editor\" data-id=\"42ee4d5\" data-element_type=\"widget\" data-e-type=\"widget\" data-widget_type=\"text-editor.default\">\n\t\t\t\t<div class=\"elementor-widget-container\">\n\t\t\t\t\t\t\t\t\t<p>Prof. dr Aleksandra \u0110uki\u0107, spec. neuropsihijatrije i spec. de\u010dje neurologije<\/p>\n<p>dr sci. med Dragoslav Milovanovi\u0107, spec. neuropsihijatrije<\/p>\n<p>dr sci. med Du\u0161an Karakli\u0107, spec. neuropsihijatrije<\/p>\n<p>dr Ljiljana Bjegovi\u0107, spec.neuropsihijatrije<\/p>\n<p>dr Goran Ran\u0111elovi\u0107, spec. oftalmologije<\/p>\n<p>dr sci Mirjana Jovanovi\u0107 , spec. socijalne rehabilitacije i socioterapije<br \/>mr Gordana Mijalkovi\u0107 Stojiljkovi\u0107, spec. medicinske psihologije<\/p>\n<p>Jelena Srna, spec. medicinske psihologije<br \/>Tamara \u0160tajner &#8211; Popovi\u0107, spec. medicinske psihologije<\/p>\n<p>Dragana \u0106uk, spec. medicinske psihologije<\/p>\n<p>Vera Luki\u0107, spec. medicinske psihologije<\/p>\t\t\t\t\t\t\t\t<\/div>\n\t\t\t\t<\/div>\n\t\t\t\t\t<\/div>\n\t\t\t\t<\/div>\n\t\t\t\t<\/div>\n\t\t","protected":false},"excerpt":{"rendered":"<p>Znamenite li\u010dnosti Prof. dr Aleksandra \u0110uki\u0107, spec. neuropsihijatrije i spec. de\u010dje neurologije dr sci. med Dragoslav Milovanovi\u0107, spec. neuropsihijatrije dr [&hellip;]<\/p>\n","protected":false},"author":3,"featured_media":0,"parent":0,"menu_order":0,"comment_status":"closed","ping_status":"closed","template":"","meta":{"site-sidebar-layout":"no-sidebar","site-content-layout":"","ast-site-content-layout":"full-width-container","site-content-style":"default","site-sidebar-style":"default","ast-global-header-display":"","ast-banner-title-visibility":"","ast-main-header-display":"","ast-hfb-above-header-display":"","ast-hfb-below-header-display":"","ast-hfb-mobile-header-display":"","site-post-title":"disabled","ast-breadcrumbs-content":"","ast-featured-img":"disabled","footer-sml-layout":"","ast-disable-related-posts":"","theme-transparent-header-meta":"","adv-header-id-meta":"","stick-header-meta":"","header-above-stick-meta":"","header-main-stick-meta":"","header-below-stick-meta":"","astra-migrate-meta-layouts":"default","ast-page-background-enabled":"default","ast-page-background-meta":{"desktop":{"background-color":"var(--ast-global-color-5)","background-image":"","background-repeat":"repeat","background-position":"center center","background-size":"auto","background-attachment":"scroll","background-type":"","background-media":"","overlay-type":"","overlay-color":"","overlay-opacity":"","overlay-gradient":""},"tablet":{"background-color":"","background-image":"","background-repeat":"repeat","background-position":"center center","background-size":"auto","background-attachment":"scroll","background-type":"","background-media":"","overlay-type":"","overlay-color":"","overlay-opacity":"","overlay-gradient":""},"mobile":{"background-color":"","background-image":"","background-repeat":"repeat","background-position":"center center","background-size":"auto","background-attachment":"scroll","background-type":"","background-media":"","overlay-type":"","overlay-color":"","overlay-opacity":"","overlay-gradient":""}},"ast-content-background-meta":{"desktop":{"background-color":"var(--ast-global-color-4)","background-image":"","background-repeat":"repeat","background-position":"center center","background-size":"auto","background-attachment":"scroll","background-type":"","background-media":"","overlay-type":"","overlay-color":"","overlay-opacity":"","overlay-gradient":""},"tablet":{"background-color":"var(--ast-global-color-4)","background-image":"","background-repeat":"repeat","background-position":"center center","background-size":"auto","background-attachment":"scroll","background-type":"","background-media":"","overlay-type":"","overlay-color":"","overlay-opacity":"","overlay-gradient":""},"mobile":{"background-color":"var(--ast-global-color-4)","background-image":"","background-repeat":"repeat","background-position":"center center","background-size":"auto","background-attachment":"scroll","background-type":"","background-media":"","overlay-type":"","overlay-color":"","overlay-opacity":"","overlay-gradient":""}},"footnotes":""},"categories":[16,36],"tags":[],"class_list":["post-272","page","type-page","status-publish","hentry","category-o-klinici","category-znamenite-osobe-koje-su-radile-u-klinici"],"_links":{"self":[{"href":"https:\/\/www.nepsido.rs\/index.php\/wp-json\/wp\/v2\/pages\/272","targetHints":{"allow":["GET"]}}],"collection":[{"href":"https:\/\/www.nepsido.rs\/index.php\/wp-json\/wp\/v2\/pages"}],"about":[{"href":"https:\/\/www.nepsido.rs\/index.php\/wp-json\/wp\/v2\/types\/page"}],"author":[{"embeddable":true,"href":"https:\/\/www.nepsido.rs\/index.php\/wp-json\/wp\/v2\/users\/3"}],"replies":[{"embeddable":true,"href":"https:\/\/www.nepsido.rs\/index.php\/wp-json\/wp\/v2\/comments?post=272"}],"version-history":[{"count":15,"href":"https:\/\/www.nepsido.rs\/index.php\/wp-json\/wp\/v2\/pages\/272\/revisions"}],"predecessor-version":[{"id":562,"href":"https:\/\/www.nepsido.rs\/index.php\/wp-json\/wp\/v2\/pages\/272\/revisions\/562"}],"wp:attachment":[{"href":"https:\/\/www.nepsido.rs\/index.php\/wp-json\/wp\/v2\/media?parent=272"}],"wp:term":[{"taxonomy":"category","embeddable":true,"href":"https:\/\/www.nepsido.rs\/index.php\/wp-json\/wp\/v2\/categories?post=272"},{"taxonomy":"post_tag","embeddable":true,"href":"https:\/\/www.nepsido.rs\/index.php\/wp-json\/wp\/v2\/tags?post=272"}],"curies":[{"name":"wp","href":"https:\/\/api.w.org\/{rel}","templated":true}]}}