{"id":289,"date":"2025-01-29T21:31:31","date_gmt":"2025-01-29T21:31:31","guid":{"rendered":"https:\/\/www.nepsido.rs\/?page_id=289"},"modified":"2025-02-11T22:51:35","modified_gmt":"2025-02-11T22:51:35","slug":"istorija-klinike","status":"publish","type":"page","link":"https:\/\/www.nepsido.rs\/index.php\/o-klinici\/istorija-klinike\/","title":{"rendered":"Istorijat Klinike"},"content":{"rendered":"\t\t<div data-elementor-type=\"wp-page\" data-elementor-id=\"289\" class=\"elementor elementor-289\">\n\t\t\t\t<div class=\"elementor-element elementor-element-c6cdc6b e-flex e-con-boxed e-con e-parent\" data-id=\"c6cdc6b\" data-element_type=\"container\" data-e-type=\"container\">\n\t\t\t\t\t<div class=\"e-con-inner\">\n\t\t\t\t\t<\/div>\n\t\t\t\t<\/div>\n\t\t<div class=\"elementor-element elementor-element-81bbd8e e-flex e-con-boxed e-con e-parent\" data-id=\"81bbd8e\" data-element_type=\"container\" data-e-type=\"container\">\n\t\t\t\t\t<div class=\"e-con-inner\">\n\t\t\t\t<div class=\"elementor-element elementor-element-1ddb98d elementor-widget elementor-widget-heading\" data-id=\"1ddb98d\" data-element_type=\"widget\" data-e-type=\"widget\" data-widget_type=\"heading.default\">\n\t\t\t\t<div class=\"elementor-widget-container\">\n\t\t\t\t\t<h1 class=\"elementor-heading-title elementor-size-default\">Istorijat Klinike<\/h1>\t\t\t\t<\/div>\n\t\t\t\t<\/div>\n\t\t\t\t\t<\/div>\n\t\t\t\t<\/div>\n\t\t<div class=\"elementor-element elementor-element-cf292ce e-flex e-con-boxed e-con e-parent\" data-id=\"cf292ce\" data-element_type=\"container\" data-e-type=\"container\">\n\t\t\t\t\t<div class=\"e-con-inner\">\n\t\t\t\t<div class=\"elementor-element elementor-element-92aea98 elementor-widget elementor-widget-text-editor\" data-id=\"92aea98\" data-element_type=\"widget\" data-e-type=\"widget\" data-widget_type=\"text-editor.default\">\n\t\t\t\t<div class=\"elementor-widget-container\">\n\t\t\t\t\t\t\t\t\t<div><h5>Klinika za neurologiju i psihijatriju za decu i omladinu<\/h5><div>Istorija Klinike za neurologiju i psihijatriju za decu i omladinu po\u010dinje 1923. godine osnivanjem Klinike za neurologiju, tada\u0161nja Klinika za \u017eiv\u010dane i du\u0161evne bolesti. Iste godine na Medicinskom fakultetu Univerziteta u Beogradu odr\u017eano je prvo predavanje iz razvojne neuropsihijatrije.<\/div><br \/><div>Posle zavr\u0161etka Drugog svetskog rata, 1945. godine, dolazi do brzog razvoja Neuropsihijatrijske klinike. Za direktora Klinike i na \u010delo Neuropsihijatrijske katedre dolazi akademik Vladimir F. Vuji\u0107. Pod rukovodstvom akademika Vuji\u0107a, pored ubrzanog razvoja Klinike, razvija se i neurologija i psihijatrija razvojnog doba. Klinika je 1950. godine pro\u0161irena novom, malom, privremenom zgradom, koju su tada\u0161nji studenti prozvali \u201ebaraka\u201c. Nova zgrada je bila namenjena za dijagnostiku i le\u010denje neuropsihijatrijskih poreme\u0107aja dece i omladine sa prostora tada\u0161nje Jugoslavije, kao i Balkana. Klinika za neurologiju i psihijatriju za decu i omladinu je i danas, posle sedamdeset godina, u istom privremenom objektu.<\/div><br \/><div>Krajem 1954. godine formira se \u201eE\u201c odeljenje de\u010dje neuropsihijatrije u okviru Neuropsihijatrijske klinike. Prvi \u0161ef tog odeljenja je bio dr Borivoje Radoji\u010di\u0107, kasnije i profesor neuropsihijatrije Medicinskog fakulteta u Beogradu. Osnovna organizacija udru\u017eenog rada \u2012 Neuropsihijatrijsko odeljenje za decu i omladinu \u201eJovan Jovanovi\u0107 Zmaj\u201c osnovana je 1974. godine. \u010cetiri godine kasnije, 1978. godine, formira se samostalna ustanova pod nazivom Institut za neuropsihijatriju za decu i omladinu, a 1983. godine dobija naziv Klinika za neurologiju i psihijatriju za decu i omladinu.<\/div><br \/><div>Prof. dr Borivoje Radoji\u010di\u0107 rukovodio je Institutom i Klinikom za neurologiju i psihijatriju za decu i omladinu sve do odlaska u penziju 1985. godine.<\/div><br \/><div>Klinika za neurologiju i psihijatriju za decu i omladinu bila je inicijator osnivanja Sekcije za de\u010dju neuropsihijatriju Srpskog lekarskog dru\u0161tva (SLD). Sekcija je osnovana 5. novembra 1970. godine i bila je prva ovakva sekcija u Socijalisti\u010dkoj Federativnoj Republici Jugoslaviji (SFRJ). Sekcija za de\u010dju neuropsihijatriju i Klinika su bili nosioci svih tada\u0161njih stru\u010dnih i obrazovnih aktivnosti u SFRJ u oblasti de\u010dje neurologije i psihijatrije, \u0161to i danas \u010dine.<\/div><br \/><div>Osniva\u010d i prvi predsednik Sekcije za de\u010dju neuropsihijatriju bio je profesor dr Borivoje Radoji\u010di\u0107.<\/div><br \/><div>Klinika (tada Institut) za neurologiju i psihijatriju za decu i omladinu i Sekcija za de\u010dju neuropsihijatriju 1979. godine organizuju Prvi jugoslovenski kongres neurologije i psihijatrije razvojnog doba, na kojem su u\u010destvovali strani predava\u010di po pozivu Svejman, Vrajt, Ratner (Swaiman, Wright, Ratner) i dr. Na Prvom jugoslovenskom kongresu neurologije i psihijatrije razvojnog doba doneta je odluka da se osnuje Udru\u017eenje neurologa i psihijatara razvojnog doba u okviru Saveza lekarskih dru\u0161tava Jugoslavije (SID).<\/div><br \/><div>Klinika za neurologiju i psihijatriju za decu i omladinu i Sekcija za de\u010dju neuropsihijatriju su u\u010destvovale u organizovanju i Drugog jugoslovenskog kongresa neurologije i psihijatrije razvojnog doba u Opatiji 1983. godine, kao i Tre\u0107eg jugoslovenskog kongresa neurologije i psihijatrije razvojnog doba u Ljubljani 1987. godine i \u010cetvrtog jugoslovenskog kongresa neurologije i psihijatrije razvojnog doba u Novom Sadu 1991. godine.<\/div><br \/><div>Prvi simpozijum neurologije i psihijatrije razvojnog doba u organizaciji Klinike za neurologiju i psihijatriju za decu i omladinu je odr\u017ean 2002. godine. Drugi simpozijum neurologije i psihijatrije razvojnog doba sa prate\u0107im Seminarom kontinuirane edukacije (Molekularna genetika u de\u010djoj neurologiji I) odr\u017ean je 2003. godine, a Tre\u0107i simpozijum neurologije i psihijatrije razvojnog doba uz prate\u0107i Seminar kontinuirane edukacije (Molekularna genetika u de\u010djoj neurologiji i psihijatriji II) odr\u017ean je 2004. godine.<\/div><br \/><div>Direktori Klinike za neurologiju i psihijatriju za decu i omladinu od osnivanja do danas su bili: prof. dr Borivoje Radoji\u010di\u0107, prof. dr Du\u0161an Vranje\u0161evi\u0107, prof. dr Milutin Nenadovi\u0107, prof. dr Slobodanka Todorovi\u0107, prof. dr Aneta Laki\u0107, prof. dr Jasna Jan\u010di\u0107, doc. dr Jelena \u0110or\u0111evi\u0107.<\/div><br \/><div>U Klinici za neurologiju i psihijatriju za decu i omladinu trenutno postoje organizacione jedinice: neurologije razvojnog doba, psihijatrije razvojnog doba, poliklini\u010dka slu\u017eba (kabinet za neurofiziologiju, kabinet neurooftalmologije, kabinet za neuropsihologiju, ultrazvu\u010dna dijagnostika, saradni\u010dke slu\u017ebe i neurobiohemijska laboratorija).<\/div><br \/><div>Klinika za neurologiju i psihijatriju za decu i omladinu, od svog osnivanja bila i ostala glavni pokreta\u010d i organizator stru\u010dnih i nau\u010dnih edukacija iz oblasti neurologije i psihijatrije razvojnog doba u Srbiji i regionu. Tako\u0111e, zna\u010dajno je pomagala osnivanje drugih sekcija i udru\u017eenja iz oblasti neurologije i psihijatrije razvojnog doba kako u zemlji tako i u regionu.<\/div><br \/><div>Literatura:<\/div><div>Dimitrije P. Milovanovi\u0107, Nastava neuropsihijatrije na Medicinskom fakultetu u Beogradu, katedra, klinike i instituti 1923-2005, Monografija, Bigraf, Beograd, 2006.<\/div><\/div><p><br \/>Klinika za neurologiju i psihijatriju za decu i omladinu je bila inicijator osnivanja Sekcije za de\u010dju neuropsihijatriju Srpskog lekarskog dru\u0161tva (SLD). Sekcija je osnovana 5. novembra 1970. godine i bila je prva ovakva sekcija u Socijalisti\u010dkoj Federativnoj Republici Jugoslaviji (SFRJ). Sekcija za de\u010dju neuropsihijatriju i Klinika su bili nosioci svih tada\u0161njih stru\u010dnih i obrazovnih aktivnosti u SFRJ u oblasti de\u010dje neurologije i psihijatrije, \u0161to i danas \u010dine.<br \/>Osniva\u010d i prvi predsednik Sekcije za de\u010dju neuropsihijatriju bio je profesor dr Borivoje Radoji\u010di\u0107.<br \/>Klinika (tada Institut) za neurologiju i psihijatriju za decu i omladinu i Sekcija za de\u010dju neuropsihijatriju 1979. godine organizuju Prvi jugoslovenski kongres neurologije i psihijatrije razvojnog doba, na kojem su u\u010destvovali strani predava\u010di po pozivu Svejman, Vrajt, Ratner (Swaiman, Wright, Ratner) i dr. Na Prvom jugoslovenskom kongresu neurologije i psihijatrije razvojnog doba doneta je odluka da se osnuje Udru\u017eenje neurologa i psihijatara razvojnog doba u okviru Saveza lekarskih dru\u0161tava Jugoslavije (SID).<\/p><p>\u00a0 \u00a0 \u00a0 Klinika za neurologiju i psihijatriju za decu i omladinu i Sekcija za de\u010dju neuropsihijatriju su u\u010destvovale u organizovanju i Drugog jugoslovenskog kongresa neurologije i psihijatrije razvojnog doba u Opatiji 1983. godine, kao i Tre\u0107eg jugoslovenskog kongresa neurologije i psihijatrije razvojnog doba u Ljubljani 1987. godine i \u010cetvrtog jugoslovenskog kongresa neurologije i psihijatrije razvojnog doba u Novom Sadu 1991. godine.<br \/>Prvi simpozijum neurologije i psihijatrije razvojnog doba u organizaciji Klinike za neurologiju i psihijatriju za decu i omladinu je odr\u017ean 2002. godine, Drugi simpozijum neurologije i psihijatrije razvojnog doba sa prate\u0107im Seminarom kontinuirane edukacije (Molekularna genetika u de\u010djoj neurologiji I) odr\u017ean je 2003. godine, a Tre\u0107i simpozijum neurologije i psihijatrije razvojnog doba uz prate\u0107i Seminar kontinuirane edukacije (Molekularna genetika u de\u010djoj neurologiji i psihijatriji II) odr\u017ean je 2004. godine.<br \/>Direktori Klinike za neurologiju i psihijatriju za decu i omladinu od osnivanja do danas su bili: prof. dr Borivoje Radoji\u010di\u0107, prof. dr Du\u0161an Vranje\u0161evi\u0107, prof. dr Milutin Nenadovi\u0107, prof. dr Slobodanka Todorovi\u0107, prof. dr Aneta Laki\u0107, prof. dr Jasna Jan\u010di\u0107.<br \/>U Klinici za neurologiju i psihijatriju za decu i omladinu trenutno postoje organizacione jedinice: neurologije razvojnog doba, psihijatrije razvojnog doba, poliklini\u010dka slu\u017eba (kabineta za neurofiziologiju, kabinet neurooftalmologije, kabinet za neuropsihologiju, ultrazvu\u010dna dijagnostika, saradni\u010dke slu\u017ebe i neurobiohemijska laboratorija).<br \/>Klinika za neurologiju i psihijatriju za decu i omladinu, od svog osnivanja bila i ostala glavni pokreta\u010d i organizator stru\u010dnih i nau\u010dnih edukacija iz oblasti neurologije i psihijatrije razvojnog doba u Srbiji i regionu. Tako\u0111e, zna\u010dajno je pomagala osnivanje drugih sekcija i udru\u017eenja iz oblasti neurologije i psihijatrije razvojnog doba kako u zemlji tako i u regionu.<\/p><p>Literatura:<br \/>Dimitrije P. Milovanovi\u0107, Nastava neuropsihijatrije na Medicinskom fakultetu u Beogradu, katedra, klinike i instituti 1923\u20132005, Monografija, Bigraf, Beograd, 2006.<\/p>\t\t\t\t\t\t\t\t<\/div>\n\t\t\t\t<\/div>\n\t\t\t\t\t<\/div>\n\t\t\t\t<\/div>\n\t\t\t\t<\/div>\n\t\t","protected":false},"excerpt":{"rendered":"<p>Istorijat Klinike Klinika za neurologiju i psihijatriju za decu i omladinu Istorija Klinike za neurologiju i psihijatriju za decu i [&hellip;]<\/p>\n","protected":false},"author":3,"featured_media":0,"parent":100,"menu_order":0,"comment_status":"closed","ping_status":"closed","template":"","meta":{"site-sidebar-layout":"no-sidebar","site-content-layout":"","ast-site-content-layout":"full-width-container","site-content-style":"default","site-sidebar-style":"default","ast-global-header-display":"","ast-banner-title-visibility":"","ast-main-header-display":"","ast-hfb-above-header-display":"","ast-hfb-below-header-display":"","ast-hfb-mobile-header-display":"","site-post-title":"disabled","ast-breadcrumbs-content":"","ast-featured-img":"disabled","footer-sml-layout":"","ast-disable-related-posts":"","theme-transparent-header-meta":"","adv-header-id-meta":"","stick-header-meta":"","header-above-stick-meta":"","header-main-stick-meta":"","header-below-stick-meta":"","astra-migrate-meta-layouts":"default","ast-page-background-enabled":"default","ast-page-background-meta":{"desktop":{"background-color":"var(--ast-global-color-5)","background-image":"","background-repeat":"repeat","background-position":"center center","background-size":"auto","background-attachment":"scroll","background-type":"","background-media":"","overlay-type":"","overlay-color":"","overlay-opacity":"","overlay-gradient":""},"tablet":{"background-color":"","background-image":"","background-repeat":"repeat","background-position":"center center","background-size":"auto","background-attachment":"scroll","background-type":"","background-media":"","overlay-type":"","overlay-color":"","overlay-opacity":"","overlay-gradient":""},"mobile":{"background-color":"","background-image":"","background-repeat":"repeat","background-position":"center center","background-size":"auto","background-attachment":"scroll","background-type":"","background-media":"","overlay-type":"","overlay-color":"","overlay-opacity":"","overlay-gradient":""}},"ast-content-background-meta":{"desktop":{"background-color":"var(--ast-global-color-4)","background-image":"","background-repeat":"repeat","background-position":"center center","background-size":"auto","background-attachment":"scroll","background-type":"","background-media":"","overlay-type":"","overlay-color":"","overlay-opacity":"","overlay-gradient":""},"tablet":{"background-color":"var(--ast-global-color-4)","background-image":"","background-repeat":"repeat","background-position":"center center","background-size":"auto","background-attachment":"scroll","background-type":"","background-media":"","overlay-type":"","overlay-color":"","overlay-opacity":"","overlay-gradient":""},"mobile":{"background-color":"var(--ast-global-color-4)","background-image":"","background-repeat":"repeat","background-position":"center center","background-size":"auto","background-attachment":"scroll","background-type":"","background-media":"","overlay-type":"","overlay-color":"","overlay-opacity":"","overlay-gradient":""}},"footnotes":""},"categories":[],"tags":[],"class_list":["post-289","page","type-page","status-publish","hentry"],"_links":{"self":[{"href":"https:\/\/www.nepsido.rs\/index.php\/wp-json\/wp\/v2\/pages\/289","targetHints":{"allow":["GET"]}}],"collection":[{"href":"https:\/\/www.nepsido.rs\/index.php\/wp-json\/wp\/v2\/pages"}],"about":[{"href":"https:\/\/www.nepsido.rs\/index.php\/wp-json\/wp\/v2\/types\/page"}],"author":[{"embeddable":true,"href":"https:\/\/www.nepsido.rs\/index.php\/wp-json\/wp\/v2\/users\/3"}],"replies":[{"embeddable":true,"href":"https:\/\/www.nepsido.rs\/index.php\/wp-json\/wp\/v2\/comments?post=289"}],"version-history":[{"count":28,"href":"https:\/\/www.nepsido.rs\/index.php\/wp-json\/wp\/v2\/pages\/289\/revisions"}],"predecessor-version":[{"id":721,"href":"https:\/\/www.nepsido.rs\/index.php\/wp-json\/wp\/v2\/pages\/289\/revisions\/721"}],"up":[{"embeddable":true,"href":"https:\/\/www.nepsido.rs\/index.php\/wp-json\/wp\/v2\/pages\/100"}],"wp:attachment":[{"href":"https:\/\/www.nepsido.rs\/index.php\/wp-json\/wp\/v2\/media?parent=289"}],"wp:term":[{"taxonomy":"category","embeddable":true,"href":"https:\/\/www.nepsido.rs\/index.php\/wp-json\/wp\/v2\/categories?post=289"},{"taxonomy":"post_tag","embeddable":true,"href":"https:\/\/www.nepsido.rs\/index.php\/wp-json\/wp\/v2\/tags?post=289"}],"curies":[{"name":"wp","href":"https:\/\/api.w.org\/{rel}","templated":true}]}}