{"id":316,"date":"2025-01-30T20:10:33","date_gmt":"2025-01-30T20:10:33","guid":{"rendered":"https:\/\/www.nepsido.rs\/?page_id=316"},"modified":"2025-02-02T14:53:52","modified_gmt":"2025-02-02T14:53:52","slug":"misija-i-vizija","status":"publish","type":"page","link":"https:\/\/www.nepsido.rs\/index.php\/misija-i-vizija\/","title":{"rendered":"Misija i vizija"},"content":{"rendered":"\t\t<div data-elementor-type=\"wp-page\" data-elementor-id=\"316\" class=\"elementor elementor-316\">\n\t\t\t\t<div class=\"elementor-element elementor-element-f18874d e-flex e-con-boxed e-con e-parent\" data-id=\"f18874d\" data-element_type=\"container\" data-e-type=\"container\">\n\t\t\t\t\t<div class=\"e-con-inner\">\n\t\t\t\t<div class=\"elementor-element elementor-element-718c238 elementor-widget elementor-widget-heading\" data-id=\"718c238\" data-element_type=\"widget\" data-e-type=\"widget\" data-widget_type=\"heading.default\">\n\t\t\t\t<div class=\"elementor-widget-container\">\n\t\t\t\t\t<h2 class=\"elementor-heading-title elementor-size-default\">Misija<\/h2>\t\t\t\t<\/div>\n\t\t\t\t<\/div>\n\t\t\t\t\t<\/div>\n\t\t\t\t<\/div>\n\t\t<div class=\"elementor-element elementor-element-210406e e-flex e-con-boxed e-con e-parent\" data-id=\"210406e\" data-element_type=\"container\" data-e-type=\"container\">\n\t\t\t\t\t<div class=\"e-con-inner\">\n\t\t\t\t<div class=\"elementor-element elementor-element-6fa5997 elementor-widget elementor-widget-text-editor\" data-id=\"6fa5997\" data-element_type=\"widget\" data-e-type=\"widget\" data-widget_type=\"text-editor.default\">\n\t\t\t\t<div class=\"elementor-widget-container\">\n\t\t\t\t\t\t\t\t\t<p><span style=\"font-style: inherit; font-weight: inherit; color: var( --e-global-color-text ); background-color: var(--ast-global-color-4);\">Klinika za neurologiju i psihijatriju za decu i omladinu je najve\u0107a i ustanova sa najdu\u017eom tradicijom u ovom delu Evrope koja se bavi le\u010denjem dece i adolescenata sa neurolog\u0161kim i psihijatrijskim bolestima. Po svojoj kadrovskoj, stru\u010dnoj i unutra\u0161njoj organizaciji je nau\u010dna, edukativna i klini\u010dka ustanova koja pru\u017ea savremene zdravstvene usluge na najvi\u0161em nivou iz oblasti neurologije i psihijatrije razvojnog doba i \u010diji je glavni cilj briga o detetu i porodici.<\/span><\/p>\n<p>Na\u0161a Klinika je vi\u0161e od \u010detrdeset i pet godina 24 sata dnevno otvorena za prijem neurolo\u0161kih i psihijatrijskih bolesnika uzrasta do osamnaest godina. Mi smo jedina medicinska ustanova u Srbiji ovog profila koja obavlja ovu vrstu delatnosti i u kojoj u svako doba dana i no\u0107i deca i adolescenti mogu da se obrate za pomo\u0107.<br \/>Klinika je kompletno uklju\u010dena u osnovne integrisane akademske studije, specijalisti\u010dke studije (iz oblasti neurologije, psihijatrije, medicinske psihologije) i postdiplomske studije na Medicinskom fakultetu Univerziteta u Beogradu.<\/p>\t\t\t\t\t\t\t\t<\/div>\n\t\t\t\t<\/div>\n\t\t\t\t\t<\/div>\n\t\t\t\t<\/div>\n\t\t<div class=\"elementor-element elementor-element-d10918f e-flex e-con-boxed e-con e-parent\" data-id=\"d10918f\" data-element_type=\"container\" data-e-type=\"container\">\n\t\t\t\t\t<div class=\"e-con-inner\">\n\t\t\t\t<div class=\"elementor-element elementor-element-794720a elementor-widget elementor-widget-heading\" data-id=\"794720a\" data-element_type=\"widget\" data-e-type=\"widget\" data-widget_type=\"heading.default\">\n\t\t\t\t<div class=\"elementor-widget-container\">\n\t\t\t\t\t<h2 class=\"elementor-heading-title elementor-size-default\">Vizija<\/h2>\t\t\t\t<\/div>\n\t\t\t\t<\/div>\n\t\t\t\t\t<\/div>\n\t\t\t\t<\/div>\n\t\t<div class=\"elementor-element elementor-element-f44a6bd e-flex e-con-boxed e-con e-parent\" data-id=\"f44a6bd\" data-element_type=\"container\" data-e-type=\"container\">\n\t\t\t\t\t<div class=\"e-con-inner\">\n\t\t\t\t<div class=\"elementor-element elementor-element-8cdfea2 elementor-widget elementor-widget-text-editor\" data-id=\"8cdfea2\" data-element_type=\"widget\" data-e-type=\"widget\" data-widget_type=\"text-editor.default\">\n\t\t\t\t<div class=\"elementor-widget-container\">\n\t\t\t\t\t\t\t\t\t<p>Svi na\u0161i napori usmereni su ka podizanju nau\u010dne, edukativne i istra\u017eiva\u010dke delatnosti, kao i zdravstvene za\u0161tite na najvi\u0161i nivo, kako bismo na\u0161im malim i mladim pacijentima i njihovim roditeljima obezbedili najsavremeniji pristup i humanije okru\u017eenje za dijagnostiku i le\u010denje.<\/p>\t\t\t\t\t\t\t\t<\/div>\n\t\t\t\t<\/div>\n\t\t\t\t\t<\/div>\n\t\t\t\t<\/div>\n\t\t\t\t<\/div>\n\t\t","protected":false},"excerpt":{"rendered":"<p>Misija Klinika za neurologiju i psihijatriju za decu i omladinu je najve\u0107a i ustanova sa najdu\u017eom tradicijom u ovom delu [&hellip;]<\/p>\n","protected":false},"author":3,"featured_media":0,"parent":0,"menu_order":0,"comment_status":"closed","ping_status":"closed","template":"","meta":{"site-sidebar-layout":"no-sidebar","site-content-layout":"","ast-site-content-layout":"full-width-container","site-content-style":"default","site-sidebar-style":"default","ast-global-header-display":"","ast-banner-title-visibility":"","ast-main-header-display":"","ast-hfb-above-header-display":"","ast-hfb-below-header-display":"","ast-hfb-mobile-header-display":"","site-post-title":"disabled","ast-breadcrumbs-content":"","ast-featured-img":"disabled","footer-sml-layout":"","ast-disable-related-posts":"","theme-transparent-header-meta":"","adv-header-id-meta":"","stick-header-meta":"","header-above-stick-meta":"","header-main-stick-meta":"","header-below-stick-meta":"","astra-migrate-meta-layouts":"default","ast-page-background-enabled":"default","ast-page-background-meta":{"desktop":{"background-color":"var(--ast-global-color-5)","background-image":"","background-repeat":"repeat","background-position":"center center","background-size":"auto","background-attachment":"scroll","background-type":"","background-media":"","overlay-type":"","overlay-color":"","overlay-opacity":"","overlay-gradient":""},"tablet":{"background-color":"","background-image":"","background-repeat":"repeat","background-position":"center center","background-size":"auto","background-attachment":"scroll","background-type":"","background-media":"","overlay-type":"","overlay-color":"","overlay-opacity":"","overlay-gradient":""},"mobile":{"background-color":"","background-image":"","background-repeat":"repeat","background-position":"center center","background-size":"auto","background-attachment":"scroll","background-type":"","background-media":"","overlay-type":"","overlay-color":"","overlay-opacity":"","overlay-gradient":""}},"ast-content-background-meta":{"desktop":{"background-color":"var(--ast-global-color-4)","background-image":"","background-repeat":"repeat","background-position":"center center","background-size":"auto","background-attachment":"scroll","background-type":"","background-media":"","overlay-type":"","overlay-color":"","overlay-opacity":"","overlay-gradient":""},"tablet":{"background-color":"var(--ast-global-color-4)","background-image":"","background-repeat":"repeat","background-position":"center center","background-size":"auto","background-attachment":"scroll","background-type":"","background-media":"","overlay-type":"","overlay-color":"","overlay-opacity":"","overlay-gradient":""},"mobile":{"background-color":"var(--ast-global-color-4)","background-image":"","background-repeat":"repeat","background-position":"center center","background-size":"auto","background-attachment":"scroll","background-type":"","background-media":"","overlay-type":"","overlay-color":"","overlay-opacity":"","overlay-gradient":""}},"footnotes":""},"categories":[],"tags":[],"class_list":["post-316","page","type-page","status-publish","hentry"],"_links":{"self":[{"href":"https:\/\/www.nepsido.rs\/index.php\/wp-json\/wp\/v2\/pages\/316","targetHints":{"allow":["GET"]}}],"collection":[{"href":"https:\/\/www.nepsido.rs\/index.php\/wp-json\/wp\/v2\/pages"}],"about":[{"href":"https:\/\/www.nepsido.rs\/index.php\/wp-json\/wp\/v2\/types\/page"}],"author":[{"embeddable":true,"href":"https:\/\/www.nepsido.rs\/index.php\/wp-json\/wp\/v2\/users\/3"}],"replies":[{"embeddable":true,"href":"https:\/\/www.nepsido.rs\/index.php\/wp-json\/wp\/v2\/comments?post=316"}],"version-history":[{"count":17,"href":"https:\/\/www.nepsido.rs\/index.php\/wp-json\/wp\/v2\/pages\/316\/revisions"}],"predecessor-version":[{"id":490,"href":"https:\/\/www.nepsido.rs\/index.php\/wp-json\/wp\/v2\/pages\/316\/revisions\/490"}],"wp:attachment":[{"href":"https:\/\/www.nepsido.rs\/index.php\/wp-json\/wp\/v2\/media?parent=316"}],"wp:term":[{"taxonomy":"category","embeddable":true,"href":"https:\/\/www.nepsido.rs\/index.php\/wp-json\/wp\/v2\/categories?post=316"},{"taxonomy":"post_tag","embeddable":true,"href":"https:\/\/www.nepsido.rs\/index.php\/wp-json\/wp\/v2\/tags?post=316"}],"curies":[{"name":"wp","href":"https:\/\/api.w.org\/{rel}","templated":true}]}}